{"id":28,"date":"2020-07-18T21:38:17","date_gmt":"2020-07-18T21:38:17","guid":{"rendered":"http:\/\/silvayasociados.com.co\/es\/?page_id=28"},"modified":"2025-07-15T13:51:20","modified_gmt":"2025-07-15T13:51:20","slug":"corporativo-empresarial","status":"publish","type":"page","link":"https:\/\/silvayasociados.com.co\/es\/corporativo-empresarial\/","title":{"rendered":"Corporativo y Empresarial"},"content":{"rendered":"<p>[et_pb_section fb_built=\u00bb1&#8243; disabled_on=\u00bbon|on|off\u00bb _builder_version=\u00bb4.4.1&#8243; background_image=\u00bbhttp:\/\/silvayasociados.com.co\/es\/wp-content\/uploads\/2020\/07\/Corporativo_fondo.png\u00bb background_size=\u00bbcontain\u00bb width=\u00bb1400px\u00bb width_tablet=\u00bb\u00bb width_phone=\u00bb1000px\u00bb width_last_edited=\u00bbon|phone\u00bb max_width=\u00bb1000px\u00bb module_alignment=\u00bbcenter\u00bb min_height=\u00bb601px\u00bb max_height=\u00bb900px\u00bb custom_margin_tablet=\u00bb\u00bb custom_margin_phone=\u00bb\u00bb custom_margin_last_edited=\u00bbon|phone\u00bb][et_pb_row _builder_version=\u00bb4.4.1&#8243; background_enable_image=\u00bboff\u00bb background_size=\u00bbinitial\u00bb][et_pb_column type=\u00bb4_4&#8243; _builder_version=\u00bb4.4.1&#8243;][et_pb_text _builder_version=\u00bb4.4.1&#8243; text_font=\u00bbComfortaa||||||||\u00bb text_orientation=\u00bbjustified\u00bb width=\u00bb500px\u00bb module_alignment=\u00bbcenter\u00bb custom_margin=\u00bb100px||||false|false\u00bb]<\/p>\n<h2 style=\"text-align: center;\"><span style=\"color: #666699;\">CORPORATIVO Y <\/span><br \/><span style=\"color: #666699;\"> EMPRESARIAL<\/span><\/h2>\n<p>[\/et_pb_text][et_pb_text _builder_version=\u00bb4.4.1&#8243; text_orientation=\u00bbjustified\u00bb width=\u00bb500px\u00bb module_alignment=\u00bbcenter\u00bb custom_margin=\u00bb20px|450px||450px|false|false\u00bb]<\/p>\n<p style=\"text-align: justify;\"><span style=\"font-family: 'Century Gothic',sans-serif;\">\u00bfEst\u00e1 por lanzar una nueva idea de negocio o expandir su empresa y no sabe por d\u00f3nde empezar? En <strong>Silva &amp; Asociados<\/strong> entendemos los retos legales del entorno empresarial actual y estamos preparados para ser su aliado estrat\u00e9gico en cada etapa del proceso.<o:p><\/o:p><\/span><\/p>\n<p>[\/et_pb_text][\/et_pb_column][\/et_pb_row][\/et_pb_section][et_pb_section fb_built=\u00bb1&#8243; disabled_on=\u00bboff|off|on\u00bb _builder_version=\u00bb4.4.1&#8243;][et_pb_row _builder_version=\u00bb4.4.1&#8243;][et_pb_column type=\u00bb4_4&#8243; _builder_version=\u00bb4.4.1&#8243;][et_pb_image src=\u00bbhttp:\/\/silvayasociados.com.co\/es\/wp-content\/uploads\/2020\/07\/Corporativo_fondo.png\u00bb _builder_version=\u00bb4.4.1&#8243; width=\u00bb81%\u00bb][\/et_pb_image][et_pb_text _builder_version=\u00bb4.4.1&#8243; text_font=\u00bbComfortaa||||||||\u00bb background_enable_image=\u00bboff\u00bb background_size=\u00bbinitial\u00bb text_orientation=\u00bbjustified\u00bb custom_margin=\u00bb||0px||false|false\u00bb]<\/p>\n<h2 style=\"text-align: center;\"><span style=\"color: #666699;\">CORPORATIVO Y <\/span><br \/><span style=\"color: #666699;\"> EMPRESARIAL<\/span><\/h2>\n<p>[\/et_pb_text][et_pb_text _builder_version=\u00bb4.4.1&#8243; text_orientation=\u00bbjustified\u00bb custom_margin=\u00bb||||false|false\u00bb]<\/p>\n<p style=\"text-align: justify;\"><span style=\"font-family: 'Century Gothic',sans-serif;\">\u00bfEst\u00e1 por lanzar una nueva idea de negocio o expandir su empresa y no sabe por d\u00f3nde empezar? En <strong>Silva &amp; Asociados<\/strong> entendemos los retos legales del entorno empresarial actual y estamos preparados para ser su aliado estrat\u00e9gico en cada etapa del proceso.<o:p><\/o:p><\/span><\/p>\n<p>[\/et_pb_text][\/et_pb_column][\/et_pb_row][\/et_pb_section][et_pb_section fb_built=\u00bb1&#8243; _builder_version=\u00bb4.4.1&#8243; custom_margin=\u00bb||||false|false\u00bb custom_padding=\u00bb||||false|false\u00bb][et_pb_row column_structure=\u00bb1_2,1_2&#8243; _builder_version=\u00bb4.4.1&#8243; min_height=\u00bb217px\u00bb][et_pb_column type=\u00bb1_2&#8243; _builder_version=\u00bb4.4.1&#8243;][et_pb_text _builder_version=\u00bb4.4.1&#8243; text_orientation=\u00bbjustified\u00bb]<\/p>\n<p style=\"text-align: justify;\"><span style=\"font-family: 'Century Gothic',sans-serif;\">El crecimiento sostenible de los negocios exige estructuras jur\u00eddicas s\u00f3lidas, eficientes y adaptables. Por eso, le asesoramos en la elecci\u00f3n del tipo societario o veh\u00edculo jur\u00eddico m\u00e1s adecuado para sus objetivos, atendiendo criterios de gobierno corporativo, eficiencia tributaria, responsabilidad legal y acceso a financiaci\u00f3n.<o:p><\/o:p><\/span><\/p>\n<p style=\"text-align: justify;\"><span style=\"font-family: 'Century Gothic',sans-serif;\">Lo acompa\u00f1amos integralmente en la constituci\u00f3n, registro y formalizaci\u00f3n de sociedades, as\u00ed como en la creaci\u00f3n de establecimientos de comercio, sucursales, agencias y otras figuras que impulsen su expansi\u00f3n en el mercado, con pleno cumplimiento de la normativa vigente.<o:p><\/o:p><\/span><\/p>\n<p>[\/et_pb_text][\/et_pb_column][et_pb_column type=\u00bb1_2&#8243; _builder_version=\u00bb4.4.1&#8243;][et_pb_text _builder_version=\u00bb4.4.1&#8243; text_orientation=\u00bbjustified\u00bb]<\/p>\n<p style=\"text-align: justify;\"><span style=\"font-family: 'Century Gothic',sans-serif;\">Sabemos que un contrato bien estructurado no solo protege intereses, sino que previene conflictos y fortalece relaciones. Por eso, ofrecemos asesor\u00eda legal en la elaboraci\u00f3n, negociaci\u00f3n, revisi\u00f3n y gesti\u00f3n de contratos civiles, comerciales y laborales, brindando herramientas claras, actualizadas y ajustadas a la din\u00e1mica de su negocio.<o:p><\/o:p><\/span><\/p>\n<p style=\"text-align: justify;\"><span style=\"font-family: 'Century Gothic',sans-serif;\">En Silva &amp; Asociados lo apoyaremos para construir una base jur\u00eddica s\u00f3lida que respalde la innovaci\u00f3n, la seguridad jur\u00eddica y el crecimiento de su empresa.<o:p><\/o:p><\/span><\/p>\n<p>[\/et_pb_text][\/et_pb_column][\/et_pb_row][et_pb_row column_structure=\u00bb1_5,3_5,1_5&#8243; _builder_version=\u00bb4.4.1&#8243;][et_pb_column type=\u00bb1_5&#8243; _builder_version=\u00bb4.4.1&#8243;][\/et_pb_column][et_pb_column type=\u00bb3_5&#8243; _builder_version=\u00bb4.4.1&#8243;][et_pb_image src=\u00bbhttp:\/\/silvayasociados.com.co\/es\/wp-content\/uploads\/2020\/07\/Corporativo_servicios.png\u00bb admin_label=\u00bbImagen\u00bb _builder_version=\u00bb4.4.1&#8243;][\/et_pb_image][\/et_pb_column][et_pb_column type=\u00bb1_5&#8243; _builder_version=\u00bb4.4.1&#8243;][\/et_pb_column][\/et_pb_row][\/et_pb_section][et_pb_section fb_built=\u00bb1&#8243; _builder_version=\u00bb4.4.1&#8243; background_color=\u00bb#999999&#8243; module_alignment=\u00bbcenter\u00bb custom_padding=\u00bb0px||0px||false|false\u00bb hover_enabled=\u00bb0&#8243; locked=\u00bboff\u00bb][et_pb_row column_structure=\u00bb1_4,3_4&#8243; _builder_version=\u00bb4.4.1&#8243; width=\u00bb100%\u00bb module_alignment=\u00bbcenter\u00bb custom_margin=\u00bb||||false|false\u00bb custom_padding=\u00bb||||false|false\u00bb][et_pb_column type=\u00bb1_4&#8243; _builder_version=\u00bb4.4.1&#8243;][et_pb_image src=\u00bbhttp:\/\/silvayasociados.com.co\/es\/wp-content\/uploads\/2020\/07\/logo-SyA-Blanco-1.png\u00bb align=\u00bbright\u00bb disabled_on=\u00bbon|on|off\u00bb _builder_version=\u00bb4.4.1&#8243; width=\u00bb50%\u00bb][\/et_pb_image][et_pb_image src=\u00bbhttp:\/\/silvayasociados.com.co\/es\/wp-content\/uploads\/2020\/07\/logo-SyA-Blanco-1.png\u00bb align=\u00bbright\u00bb disabled_on=\u00bboff|off|on\u00bb _builder_version=\u00bb4.4.1&#8243; width=\u00bb25%\u00bb locked=\u00bboff\u00bb][\/et_pb_image][\/et_pb_column][et_pb_column type=\u00bb3_4&#8243; _builder_version=\u00bb4.4.1&#8243;][et_pb_menu menu_style=\u00bbcentered\u00bb submenu_direction=\u00bbdownwards\u00bb active_link_color=\u00bb#000000&#8243; logo_max_width=\u00bb15%\u00bb menu_icon_color=\u00bb#000000&#8243; logo_max_height_last_edited=\u00bboff|desktop\u00bb _builder_version=\u00bb4.4.1&#8243; menu_font=\u00bb||||||||\u00bb menu_text_color=\u00bb#444444&#8243; background_enable_color=\u00bboff\u00bb module_alignment=\u00bbcenter\u00bb custom_padding=\u00bb18px|0px|0px|||\u00bb custom_padding_tablet=\u00bb\u00bb custom_padding_phone=\u00bb0px||||false|false\u00bb custom_padding_last_edited=\u00bbon|phone\u00bb][\/et_pb_menu][\/et_pb_column][\/et_pb_row][\/et_pb_section]<\/p>\n","protected":false},"excerpt":{"rendered":"<p>[et_pb_section fb_built=\u00bb1&#8243; disabled_on=\u00bbon|on|off\u00bb _builder_version=\u00bb4.4.1&#8243; background_image=\u00bbhttp:\/\/silvayasociados.com.co\/es\/wp-content\/uploads\/2020\/07\/Corporativo_fondo.png\u00bb background_size=\u00bbcontain\u00bb width=\u00bb1400px\u00bb width_tablet=\u00bb\u00bb width_phone=\u00bb1000px\u00bb width_last_edited=\u00bbon|phone\u00bb max_width=\u00bb1000px\u00bb module_alignment=\u00bbcenter\u00bb min_height=\u00bb601px\u00bb max_height=\u00bb900px\u00bb custom_margin_tablet=\u00bb\u00bb custom_margin_phone=\u00bb\u00bb custom_margin_last_edited=\u00bbon|phone\u00bb][et_pb_row _builder_version=\u00bb4.4.1&#8243; background_enable_image=\u00bboff\u00bb background_size=\u00bbinitial\u00bb][et_pb_column type=\u00bb4_4&#8243; _builder_version=\u00bb4.4.1&#8243;][et_pb_text _builder_version=\u00bb4.4.1&#8243; text_font=\u00bbComfortaa||||||||\u00bb text_orientation=\u00bbjustified\u00bb width=\u00bb500px\u00bb module_alignment=\u00bbcenter\u00bb custom_margin=\u00bb100px||||false|false\u00bb] CORPORATIVO Y EMPRESARIAL [\/et_pb_text][et_pb_text _builder_version=\u00bb4.4.1&#8243; text_orientation=\u00bbjustified\u00bb width=\u00bb500px\u00bb module_alignment=\u00bbcenter\u00bb custom_margin=\u00bb20px|450px||450px|false|false\u00bb] \u00bfEst\u00e1 por lanzar una nueva idea de negocio o expandir su empresa y no sabe por d\u00f3nde empezar? [&hellip;]<\/p>\n","protected":false},"author":2,"featured_media":0,"parent":0,"menu_order":0,"comment_status":"closed","ping_status":"closed","template":"","meta":{"_et_pb_use_builder":"on","_et_pb_old_content":"","_et_gb_content_width":"","_joinchat":[]},"_links":{"self":[{"href":"https:\/\/silvayasociados.com.co\/es\/wp-json\/wp\/v2\/pages\/28"}],"collection":[{"href":"https:\/\/silvayasociados.com.co\/es\/wp-json\/wp\/v2\/pages"}],"about":[{"href":"https:\/\/silvayasociados.com.co\/es\/wp-json\/wp\/v2\/types\/page"}],"author":[{"embeddable":true,"href":"https:\/\/silvayasociados.com.co\/es\/wp-json\/wp\/v2\/users\/2"}],"replies":[{"embeddable":true,"href":"https:\/\/silvayasociados.com.co\/es\/wp-json\/wp\/v2\/comments?post=28"}],"version-history":[{"count":60,"href":"https:\/\/silvayasociados.com.co\/es\/wp-json\/wp\/v2\/pages\/28\/revisions"}],"predecessor-version":[{"id":622,"href":"https:\/\/silvayasociados.com.co\/es\/wp-json\/wp\/v2\/pages\/28\/revisions\/622"}],"wp:attachment":[{"href":"https:\/\/silvayasociados.com.co\/es\/wp-json\/wp\/v2\/media?parent=28"}],"curies":[{"name":"wp","href":"https:\/\/api.w.org\/{rel}","templated":true}]}}