{"id":107,"date":"2020-07-18T22:38:33","date_gmt":"2020-07-18T22:38:33","guid":{"rendered":"http:\/\/silvayasociados.com.co\/es\/?page_id=107"},"modified":"2025-07-16T00:51:06","modified_gmt":"2025-07-16T00:51:06","slug":"inicio","status":"publish","type":"page","link":"https:\/\/silvayasociados.com.co\/es\/","title":{"rendered":"Inicio"},"content":{"rendered":"<p>[et_pb_section fb_built=\u00bb1&#8243; disabled_on=\u00bbon|on|off\u00bb _builder_version=\u00bb4.4.1&#8243; background_enable_image=\u00bboff\u00bb background_size=\u00bbcontain\u00bb width_tablet=\u00bb\u00bb width_phone=\u00bb1000px\u00bb width_last_edited=\u00bbon|phone\u00bb module_alignment=\u00bbcenter\u00bb custom_margin_tablet=\u00bb\u00bb custom_margin_phone=\u00bb\u00bb custom_margin_last_edited=\u00bbon|phone\u00bb][et_pb_row make_equal=\u00bbon\u00bb _builder_version=\u00bb4.4.1&#8243; background_enable_image=\u00bboff\u00bb background_size=\u00bbinitial\u00bb][et_pb_column type=\u00bb4_4&#8243; _builder_version=\u00bb4.4.1&#8243;][et_pb_image src=\u00bbhttps:\/\/silvayasociados.com.co\/es\/wp-content\/uploads\/2025\/07\/Banner-silva_web.webp\u00bb align=\u00bbcenter\u00bb _builder_version=\u00bb4.4.1&#8243; custom_margin=\u00bb||||false|false\u00bb][\/et_pb_image][\/et_pb_column][\/et_pb_row][et_pb_row column_structure=\u00bb1_2,1_2&#8243; make_equal=\u00bbon\u00bb _builder_version=\u00bb4.4.1&#8243; background_enable_image=\u00bboff\u00bb background_size=\u00bbinitial\u00bb][et_pb_column type=\u00bb1_2&#8243; _builder_version=\u00bb4.4.1&#8243;][et_pb_text _builder_version=\u00bb4.4.1&#8243; text_font=\u00bbComfortaa||||||||\u00bb text_orientation=\u00bbjustified\u00bb module_alignment=\u00bbcenter\u00bb custom_margin=\u00bb0px|0px|0px|0px|false|false\u00bb]<\/p>\n<h2 style=\"text-align: left;\"><span style=\"color: #1892c7;\">Silva &amp; Asociados <span style=\"color: #808080;\">desde 2013<\/span><\/span><\/h2>\n<p>[\/et_pb_text][et_pb_text _builder_version=\u00bb4.4.1&#8243; text_orientation=\u00bbjustified\u00bb module_alignment=\u00bbcenter\u00bb custom_margin=\u00bb50px||||false|false\u00bb]<\/p>\n<p>Con m\u00e1s de 10 a\u00f1os de experiencia, en <strong>Silva &amp; Asociados<\/strong> creemos que la cercan\u00eda con el cliente marca la diferencia. Nos enfocamos en innovar y adaptar la forma en que nos relacionamos contigo, brindando acompa\u00f1amiento legal flexible, humano y estrat\u00e9gico.<\/p>\n<p>Nos caracteriza un compromiso constante por ser aliados reales de quienes conf\u00edan en nosotros la gesti\u00f3n de sus asuntos, participando activamente en la b\u00fasqueda de soluciones efectivas y personalizadas, centradas en sus intereses.<\/p>\n<p>Por eso, creemos que el verdadero motor de Silva &amp; Asociados son sus clientes. En cada uno de ellos encontramos la valiosa oportunidad de consolidar nuestra experiencia, de ejercer con rigor y atenci\u00f3n al detalle, y de fortalecer el trabajo conjunto como coequiperos enfocados en alcanzar los mejores resultados.<\/p>\n<p>[\/et_pb_text][\/et_pb_column][et_pb_column type=\u00bb1_2&#8243; _builder_version=\u00bb4.4.1&#8243;][et_pb_image src=\u00bbhttp:\/\/silvayasociados.com.co\/es\/wp-content\/uploads\/2020\/07\/nosotros1.png\u00bb align=\u00bbcenter\u00bb _builder_version=\u00bb4.4.1&#8243; custom_margin=\u00bb34px||||false|false\u00bb][\/et_pb_image][\/et_pb_column][\/et_pb_row][et_pb_row disabled_on=\u00bbon|on|on\u00bb _builder_version=\u00bb4.4.1&#8243; background_color=\u00bb#ffffff\u00bb disabled=\u00bbon\u00bb locked=\u00bboff\u00bb][et_pb_column type=\u00bb4_4&#8243; _builder_version=\u00bb4.4.1&#8243;][et_pb_text _builder_version=\u00bb4.4.1&#8243; text_orientation=\u00bbcenter\u00bb]<\/p>\n<h2>Nuestros Clientes<\/h2>\n<p>[\/et_pb_text][et_pb_wptools_image_carousel initialslide=\u00bb0&#8243; zindex=\u00bb1510&#8243; slidestoshow=\u00bb8&#8243; disabled_on=\u00bbon|on|off\u00bb _builder_version=\u00bb4.4.1&#8243;][et_pb_wptools_carousel_image_item src=\u00bbhttp:\/\/silvayasociados.com.co\/es\/wp-content\/uploads\/2020\/08\/1.Acciones-Valores.png\u00bb url=\u00bbhttps:\/\/www.accivalores.com\u00bb _builder_version=\u00bb4.4.1&#8243;][\/et_pb_wptools_carousel_image_item][et_pb_wptools_carousel_image_item src=\u00bbhttp:\/\/silvayasociados.com.co\/es\/wp-content\/uploads\/2020\/08\/4.-Ingenier\u00eda-CD-SAS.jpg\u00bb _builder_version=\u00bb4.4.1&#8243;][\/et_pb_wptools_carousel_image_item][et_pb_wptools_carousel_image_item src=\u00bbhttp:\/\/silvayasociados.com.co\/es\/wp-content\/uploads\/2020\/08\/2.-ACJ-YMCA.jpg\u00bb url=\u00bbhttps:\/\/ymcacolombia.org\u00bb _builder_version=\u00bb4.4.1&#8243;][\/et_pb_wptools_carousel_image_item][et_pb_wptools_carousel_image_item src=\u00bbhttp:\/\/silvayasociados.com.co\/es\/wp-content\/uploads\/2020\/08\/5.-Caja-Honor.png\u00bb url=\u00bbhttps:\/\/www.cajahonor.gov.co\u00bb _builder_version=\u00bb4.4.1&#8243;][\/et_pb_wptools_carousel_image_item][et_pb_wptools_carousel_image_item src=\u00bbhttp:\/\/silvayasociados.com.co\/es\/wp-content\/uploads\/2020\/08\/6.-Caxdac.png\u00bb url=\u00bbhttps:\/\/www.caxdac.com\u00bb _builder_version=\u00bb4.4.1&#8243;][\/et_pb_wptools_carousel_image_item][et_pb_wptools_carousel_image_item src=\u00bbhttp:\/\/silvayasociados.com.co\/es\/wp-content\/uploads\/2020\/08\/8.-Gimnasio-Los-Pinos.png\u00bb url=\u00bbhttps:\/\/gimnasiolospinos.edu.co\/es\u00bb _builder_version=\u00bb4.4.1&#8243;][\/et_pb_wptools_carousel_image_item][et_pb_wptools_carousel_image_item src=\u00bbhttp:\/\/silvayasociados.com.co\/es\/wp-content\/uploads\/2020\/08\/7.-Coorserpark.png\u00bb url=\u00bbhttps:\/\/coorserpark.com\u00bb _builder_version=\u00bb4.4.1&#8243;][\/et_pb_wptools_carousel_image_item][et_pb_wptools_carousel_image_item src=\u00bbhttp:\/\/silvayasociados.com.co\/es\/wp-content\/uploads\/2020\/08\/9.-Fundaci\u00f3n-Universitaria-del-\u00c1rea-Andina.png\u00bb url=\u00bbhttps:\/\/www.areandina.edu.co\u00bb _builder_version=\u00bb4.4.1&#8243;][\/et_pb_wptools_carousel_image_item][et_pb_wptools_carousel_image_item src=\u00bbhttp:\/\/silvayasociados.com.co\/es\/wp-content\/uploads\/2020\/08\/10.-Gesti\u00f3n-y-Auditor\u00eda-Especializada-GAE.png\u00bb _builder_version=\u00bb4.4.1&#8243;][\/et_pb_wptools_carousel_image_item][et_pb_wptools_carousel_image_item src=\u00bbhttp:\/\/silvayasociados.com.co\/es\/wp-content\/uploads\/2020\/08\/12.-JASB.jpg\u00bb url=\u00bbhttps:\/\/jasb.com.co\/\u00bb _builder_version=\u00bb4.4.1&#8243;][\/et_pb_wptools_carousel_image_item][et_pb_wptools_carousel_image_item src=\u00bbhttp:\/\/silvayasociados.com.co\/es\/wp-content\/uploads\/2020\/08\/13.-Mael.png\u00bb url=\u00bbhttps:\/\/www.maelchocolates.com\/\u00bb _builder_version=\u00bb4.4.1&#8243;][\/et_pb_wptools_carousel_image_item][et_pb_wptools_carousel_image_item src=\u00bbhttp:\/\/silvayasociados.com.co\/es\/wp-content\/uploads\/2020\/08\/14.-Mercanet.png\u00bb url=\u00bbhttps:\/\/www.mercanet.co\u00bb _builder_version=\u00bb4.4.1&#8243;][\/et_pb_wptools_carousel_image_item][\/et_pb_wptools_image_carousel][et_pb_wptools_image_carousel initialslide=\u00bb0&#8243; zindex=\u00bb1510&#8243; disabled_on=\u00bboff|off|on\u00bb _builder_version=\u00bb4.4.1&#8243;][et_pb_wptools_carousel_image_item src=\u00bbhttp:\/\/silvayasociados.com.co\/es\/wp-content\/uploads\/2020\/08\/1.Acciones-Valores.png\u00bb url=\u00bbhttps:\/\/www.accivalores.com\u00bb _builder_version=\u00bb4.4.1&#8243;][\/et_pb_wptools_carousel_image_item][et_pb_wptools_carousel_image_item src=\u00bbhttp:\/\/silvayasociados.com.co\/es\/wp-content\/uploads\/2020\/08\/4.-Ingenier\u00eda-CD-SAS.jpg\u00bb _builder_version=\u00bb4.4.1&#8243;][\/et_pb_wptools_carousel_image_item][et_pb_wptools_carousel_image_item src=\u00bbhttp:\/\/silvayasociados.com.co\/es\/wp-content\/uploads\/2020\/08\/2.-ACJ-YMCA.jpg\u00bb url=\u00bbhttps:\/\/ymcacolombia.org\u00bb _builder_version=\u00bb4.4.1&#8243;][\/et_pb_wptools_carousel_image_item][et_pb_wptools_carousel_image_item src=\u00bbhttp:\/\/silvayasociados.com.co\/es\/wp-content\/uploads\/2020\/08\/5.-Caja-Honor.png\u00bb url=\u00bbhttps:\/\/www.cajahonor.gov.co\u00bb _builder_version=\u00bb4.4.1&#8243;][\/et_pb_wptools_carousel_image_item][et_pb_wptools_carousel_image_item src=\u00bbhttp:\/\/silvayasociados.com.co\/es\/wp-content\/uploads\/2020\/08\/6.-Caxdac.png\u00bb url=\u00bbhttps:\/\/www.caxdac.com\u00bb _builder_version=\u00bb4.4.1&#8243;][\/et_pb_wptools_carousel_image_item][et_pb_wptools_carousel_image_item src=\u00bbhttp:\/\/silvayasociados.com.co\/es\/wp-content\/uploads\/2020\/08\/8.-Gimnasio-Los-Pinos.png\u00bb url=\u00bbhttps:\/\/gimnasiolospinos.edu.co\/es\u00bb _builder_version=\u00bb4.4.1&#8243;][\/et_pb_wptools_carousel_image_item][et_pb_wptools_carousel_image_item src=\u00bbhttp:\/\/silvayasociados.com.co\/es\/wp-content\/uploads\/2020\/08\/7.-Coorserpark.png\u00bb url=\u00bbhttps:\/\/coorserpark.com\u00bb _builder_version=\u00bb4.4.1&#8243;][\/et_pb_wptools_carousel_image_item][et_pb_wptools_carousel_image_item src=\u00bbhttp:\/\/silvayasociados.com.co\/es\/wp-content\/uploads\/2020\/08\/9.-Fundaci\u00f3n-Universitaria-del-\u00c1rea-Andina.png\u00bb url=\u00bbhttps:\/\/www.areandina.edu.co\u00bb _builder_version=\u00bb4.4.1&#8243;][\/et_pb_wptools_carousel_image_item][et_pb_wptools_carousel_image_item src=\u00bbhttp:\/\/silvayasociados.com.co\/es\/wp-content\/uploads\/2020\/08\/10.-Gesti\u00f3n-y-Auditor\u00eda-Especializada-GAE.png\u00bb _builder_version=\u00bb4.4.1&#8243;][\/et_pb_wptools_carousel_image_item][et_pb_wptools_carousel_image_item src=\u00bbhttp:\/\/silvayasociados.com.co\/es\/wp-content\/uploads\/2020\/08\/12.-JASB.jpg\u00bb url=\u00bbhttps:\/\/jasb.com.co\/\u00bb _builder_version=\u00bb4.4.1&#8243;][\/et_pb_wptools_carousel_image_item][et_pb_wptools_carousel_image_item src=\u00bbhttp:\/\/silvayasociados.com.co\/es\/wp-content\/uploads\/2020\/08\/13.-Mael.png\u00bb url=\u00bbhttps:\/\/www.maelchocolates.com\/\u00bb _builder_version=\u00bb4.4.1&#8243;][\/et_pb_wptools_carousel_image_item][et_pb_wptools_carousel_image_item src=\u00bbhttp:\/\/silvayasociados.com.co\/es\/wp-content\/uploads\/2020\/08\/14.-Mercanet.png\u00bb url=\u00bbhttps:\/\/www.mercanet.co\u00bb _builder_version=\u00bb4.4.1&#8243;][\/et_pb_wptools_carousel_image_item][\/et_pb_wptools_image_carousel][\/et_pb_column][\/et_pb_row][\/et_pb_section][et_pb_section fb_built=\u00bb1&#8243; disabled_on=\u00bboff|off|on\u00bb _builder_version=\u00bb4.4.1&#8243;][et_pb_row make_equal=\u00bbon\u00bb _builder_version=\u00bb4.4.1&#8243; background_enable_image=\u00bboff\u00bb background_size=\u00bbinitial\u00bb][et_pb_column type=\u00bb4_4&#8243; _builder_version=\u00bb4.4.1&#8243;][et_pb_image src=\u00bbhttps:\/\/silvayasociados.com.co\/es\/wp-content\/uploads\/2025\/07\/Banner-silva_web.webp\u00bb align=\u00bbcenter\u00bb _builder_version=\u00bb4.4.1&#8243; custom_margin=\u00bb||||false|false\u00bb][\/et_pb_image][\/et_pb_column][\/et_pb_row][et_pb_row _builder_version=\u00bb4.4.1&#8243;][et_pb_column type=\u00bb4_4&#8243; _builder_version=\u00bb4.4.1&#8243;][et_pb_image src=\u00bbhttp:\/\/silvayasociados.com.co\/es\/wp-content\/uploads\/2020\/07\/nosotros1.png\u00bb align=\u00bbcenter\u00bb _builder_version=\u00bb4.4.1&#8243; width=\u00bb50%\u00bb custom_margin=\u00bb34px||||false|false\u00bb][\/et_pb_image][et_pb_text _builder_version=\u00bb4.4.1&#8243; text_font=\u00bbComfortaa||||||||\u00bb text_orientation=\u00bbjustified\u00bb module_alignment=\u00bbcenter\u00bb custom_margin=\u00bb||||false|false\u00bb locked=\u00bboff\u00bb]<\/p>\n<h2 style=\"text-align: left;\"><span style=\"color: #1892c7;\">Silva &amp; Asociados <span style=\"color: #808080;\">desde 2013<\/span><\/span><\/h2>\n<p>[\/et_pb_text][et_pb_text _builder_version=\u00bb4.4.1&#8243; text_orientation=\u00bbjustified\u00bb module_alignment=\u00bbcenter\u00bb custom_margin=\u00bb||||false|false\u00bb locked=\u00bboff\u00bb]<\/p>\n<p style=\"text-align: justify;\">Con m\u00e1s de 10 a\u00f1os de experiencia, en <strong>Silva &amp; Asociados<\/strong> creemos que la cercan\u00eda con el cliente marca la diferencia. Nos enfocamos en innovar y adaptar la forma en que nos relacionamos contigo, brindando acompa\u00f1amiento legal flexible, humano y estrat\u00e9gico.<\/p>\n<p style=\"text-align: justify;\">Nos caracteriza un compromiso constante por ser aliados reales de quienes conf\u00edan en nosotros la gesti\u00f3n de sus asuntos, participando activamente en la b\u00fasqueda de soluciones efectivas y personalizadas, centradas en sus intereses.<\/p>\n<p style=\"text-align: justify;\">Por eso, creemos que el verdadero motor de Silva &amp; Asociados son sus clientes. En cada uno de ellos encontramos la valiosa oportunidad de consolidar nuestra experiencia, de ejercer con rigor y atenci\u00f3n al detalle, y de fortalecer el trabajo conjunto como coequiperos enfocados en alcanzar los mejores resultados.<\/p>\n<p>[\/et_pb_text][\/et_pb_column][\/et_pb_row][et_pb_row disabled_on=\u00bbon|on|on\u00bb _builder_version=\u00bb4.4.1&#8243; background_color=\u00bb#ffffff\u00bb disabled=\u00bbon\u00bb locked=\u00bboff\u00bb][et_pb_column type=\u00bb4_4&#8243; _builder_version=\u00bb4.4.1&#8243;][et_pb_text _builder_version=\u00bb4.4.1&#8243; text_orientation=\u00bbcenter\u00bb]<\/p>\n<h2>Nuestros Clientes<\/h2>\n<p>[\/et_pb_text][et_pb_wptools_image_carousel initialslide=\u00bb0&#8243; slidestoshow=\u00bb8&#8243; disabled_on=\u00bbon|on|off\u00bb _builder_version=\u00bb4.4.1&#8243;][et_pb_wptools_carousel_image_item src=\u00bbhttp:\/\/silvayasociados.com.co\/es\/wp-content\/uploads\/2020\/08\/1.Acciones-Valores.png\u00bb _builder_version=\u00bb4.4.1&#8243;][\/et_pb_wptools_carousel_image_item][et_pb_wptools_carousel_image_item src=\u00bbhttp:\/\/silvayasociados.com.co\/es\/wp-content\/uploads\/2020\/08\/4.-Ingenier\u00eda-CD-SAS.jpg\u00bb _builder_version=\u00bb4.4.1&#8243;][\/et_pb_wptools_carousel_image_item][et_pb_wptools_carousel_image_item src=\u00bbhttp:\/\/silvayasociados.com.co\/es\/wp-content\/uploads\/2020\/08\/2.-ACJ-YMCA.jpg\u00bb url=\u00bbhttps:\/\/ymcacolombia.org\/\u00bb _builder_version=\u00bb4.4.1&#8243;][\/et_pb_wptools_carousel_image_item][et_pb_wptools_carousel_image_item src=\u00bbhttp:\/\/silvayasociados.com.co\/es\/wp-content\/uploads\/2020\/08\/5.-Caja-Honor.png\u00bb url=\u00bbhttps:\/\/www.cajahonor.gov.co\u00bb _builder_version=\u00bb4.4.1&#8243;][\/et_pb_wptools_carousel_image_item][et_pb_wptools_carousel_image_item src=\u00bbhttp:\/\/silvayasociados.com.co\/es\/wp-content\/uploads\/2020\/08\/6.-Caxdac.png\u00bb url=\u00bbhttps:\/\/www.caxdac.com\/seccion\/inicio.html\u00bb _builder_version=\u00bb4.4.1&#8243;][\/et_pb_wptools_carousel_image_item][et_pb_wptools_carousel_image_item src=\u00bbhttp:\/\/silvayasociados.com.co\/es\/wp-content\/uploads\/2020\/08\/8.-Gimnasio-Los-Pinos.png\u00bb url=\u00bbhttps:\/\/gimnasiolospinos.edu.co\/es\u00bb _builder_version=\u00bb4.4.1&#8243;][\/et_pb_wptools_carousel_image_item][et_pb_wptools_carousel_image_item src=\u00bbhttp:\/\/silvayasociados.com.co\/es\/wp-content\/uploads\/2020\/08\/7.-Coorserpark.png\u00bb url=\u00bbhttps:\/\/coorserpark.com\u00bb _builder_version=\u00bb4.4.1&#8243;][\/et_pb_wptools_carousel_image_item][et_pb_wptools_carousel_image_item src=\u00bbhttp:\/\/silvayasociados.com.co\/es\/wp-content\/uploads\/2020\/08\/9.-Fundaci\u00f3n-Universitaria-del-\u00c1rea-Andina.png\u00bb url=\u00bbhttps:\/\/www.areandina.edu.co\/\u00bb _builder_version=\u00bb4.4.1&#8243;][\/et_pb_wptools_carousel_image_item][et_pb_wptools_carousel_image_item src=\u00bbhttp:\/\/silvayasociados.com.co\/es\/wp-content\/uploads\/2020\/08\/10.-Gesti\u00f3n-y-Auditor\u00eda-Especializada-GAE.png\u00bb _builder_version=\u00bb4.4.1&#8243;][\/et_pb_wptools_carousel_image_item][et_pb_wptools_carousel_image_item src=\u00bbhttp:\/\/silvayasociados.com.co\/es\/wp-content\/uploads\/2020\/08\/12.-JASB.jpg\u00bb url=\u00bbhttps:\/\/www.areandina.edu.co\/\u00bb _builder_version=\u00bb4.4.1&#8243;][\/et_pb_wptools_carousel_image_item][et_pb_wptools_carousel_image_item src=\u00bbhttp:\/\/silvayasociados.com.co\/es\/wp-content\/uploads\/2020\/08\/13.-Mael.png\u00bb url=\u00bbhttps:\/\/www.maelchocolates.com\/\u00bb _builder_version=\u00bb4.4.1&#8243;][\/et_pb_wptools_carousel_image_item][et_pb_wptools_carousel_image_item src=\u00bbhttp:\/\/silvayasociados.com.co\/es\/wp-content\/uploads\/2020\/08\/14.-Mercanet.png\u00bb url=\u00bbhttps:\/\/www.mercanet.co\/\u00bb _builder_version=\u00bb4.4.1&#8243;][\/et_pb_wptools_carousel_image_item][\/et_pb_wptools_image_carousel][et_pb_wptools_image_carousel initialslide=\u00bb0&#8243; disabled_on=\u00bboff|off|on\u00bb _builder_version=\u00bb4.4.1&#8243;][et_pb_wptools_carousel_image_item src=\u00bbhttp:\/\/silvayasociados.com.co\/es\/wp-content\/uploads\/2020\/08\/1.Acciones-Valores.png\u00bb _builder_version=\u00bb4.4.1&#8243;][\/et_pb_wptools_carousel_image_item][et_pb_wptools_carousel_image_item src=\u00bbhttp:\/\/silvayasociados.com.co\/es\/wp-content\/uploads\/2020\/08\/4.-Ingenier\u00eda-CD-SAS.jpg\u00bb _builder_version=\u00bb4.4.1&#8243;][\/et_pb_wptools_carousel_image_item][et_pb_wptools_carousel_image_item src=\u00bbhttp:\/\/silvayasociados.com.co\/es\/wp-content\/uploads\/2020\/08\/2.-ACJ-YMCA.jpg\u00bb url=\u00bbhttps:\/\/ymcacolombia.org\/\u00bb _builder_version=\u00bb4.4.1&#8243;][\/et_pb_wptools_carousel_image_item][et_pb_wptools_carousel_image_item src=\u00bbhttp:\/\/silvayasociados.com.co\/es\/wp-content\/uploads\/2020\/08\/5.-Caja-Honor.png\u00bb url=\u00bbhttps:\/\/www.cajahonor.gov.co\u00bb _builder_version=\u00bb4.4.1&#8243;][\/et_pb_wptools_carousel_image_item][et_pb_wptools_carousel_image_item src=\u00bbhttp:\/\/silvayasociados.com.co\/es\/wp-content\/uploads\/2020\/08\/6.-Caxdac.png\u00bb url=\u00bbhttps:\/\/www.caxdac.com\/seccion\/inicio.html\u00bb _builder_version=\u00bb4.4.1&#8243;][\/et_pb_wptools_carousel_image_item][et_pb_wptools_carousel_image_item src=\u00bbhttp:\/\/silvayasociados.com.co\/es\/wp-content\/uploads\/2020\/08\/8.-Gimnasio-Los-Pinos.png\u00bb url=\u00bbhttps:\/\/gimnasiolospinos.edu.co\/es\u00bb _builder_version=\u00bb4.4.1&#8243;][\/et_pb_wptools_carousel_image_item][et_pb_wptools_carousel_image_item src=\u00bbhttp:\/\/silvayasociados.com.co\/es\/wp-content\/uploads\/2020\/08\/7.-Coorserpark.png\u00bb url=\u00bbhttps:\/\/coorserpark.com\u00bb _builder_version=\u00bb4.4.1&#8243;][\/et_pb_wptools_carousel_image_item][et_pb_wptools_carousel_image_item src=\u00bbhttp:\/\/silvayasociados.com.co\/es\/wp-content\/uploads\/2020\/08\/9.-Fundaci\u00f3n-Universitaria-del-\u00c1rea-Andina.png\u00bb url=\u00bbhttps:\/\/www.areandina.edu.co\/\u00bb _builder_version=\u00bb4.4.1&#8243;][\/et_pb_wptools_carousel_image_item][et_pb_wptools_carousel_image_item src=\u00bbhttp:\/\/silvayasociados.com.co\/es\/wp-content\/uploads\/2020\/08\/10.-Gesti\u00f3n-y-Auditor\u00eda-Especializada-GAE.png\u00bb _builder_version=\u00bb4.4.1&#8243;][\/et_pb_wptools_carousel_image_item][et_pb_wptools_carousel_image_item src=\u00bbhttp:\/\/silvayasociados.com.co\/es\/wp-content\/uploads\/2020\/08\/12.-JASB.jpg\u00bb url=\u00bbhttps:\/\/www.areandina.edu.co\/\u00bb _builder_version=\u00bb4.4.1&#8243;][\/et_pb_wptools_carousel_image_item][et_pb_wptools_carousel_image_item src=\u00bbhttp:\/\/silvayasociados.com.co\/es\/wp-content\/uploads\/2020\/08\/13.-Mael.png\u00bb url=\u00bbhttps:\/\/www.maelchocolates.com\/\u00bb _builder_version=\u00bb4.4.1&#8243;][\/et_pb_wptools_carousel_image_item][et_pb_wptools_carousel_image_item src=\u00bbhttp:\/\/silvayasociados.com.co\/es\/wp-content\/uploads\/2020\/08\/14.-Mercanet.png\u00bb url=\u00bbhttps:\/\/www.mercanet.co\/\u00bb _builder_version=\u00bb4.4.1&#8243;][\/et_pb_wptools_carousel_image_item][\/et_pb_wptools_image_carousel][\/et_pb_column][\/et_pb_row][\/et_pb_section][et_pb_section fb_built=\u00bb1&#8243; _builder_version=\u00bb4.4.1&#8243; background_color=\u00bb#999999&#8243; module_alignment=\u00bbcenter\u00bb custom_padding=\u00bb0px||0px||false|false\u00bb][et_pb_row column_structure=\u00bb1_4,3_4&#8243; _builder_version=\u00bb4.4.1&#8243; width=\u00bb100%\u00bb module_alignment=\u00bbcenter\u00bb custom_margin=\u00bb||||false|false\u00bb custom_padding=\u00bb||||false|false\u00bb][et_pb_column type=\u00bb1_4&#8243; _builder_version=\u00bb4.4.1&#8243;][et_pb_image src=\u00bbhttp:\/\/silvayasociados.com.co\/es\/wp-content\/uploads\/2020\/07\/logo-SyA-Blanco-1.png\u00bb align=\u00bbright\u00bb disabled_on=\u00bbon|on|off\u00bb _builder_version=\u00bb4.4.1&#8243; width=\u00bb50%\u00bb][\/et_pb_image][et_pb_image src=\u00bbhttp:\/\/silvayasociados.com.co\/es\/wp-content\/uploads\/2020\/07\/logo-SyA-Blanco-1.png\u00bb align=\u00bbright\u00bb disabled_on=\u00bboff|off|on\u00bb _builder_version=\u00bb4.4.1&#8243; width=\u00bb25%\u00bb locked=\u00bboff\u00bb][\/et_pb_image][\/et_pb_column][et_pb_column type=\u00bb3_4&#8243; _builder_version=\u00bb4.4.1&#8243;][et_pb_menu menu_style=\u00bbcentered\u00bb submenu_direction=\u00bbdownwards\u00bb active_link_color=\u00bb#000000&#8243; logo_max_width=\u00bb15%\u00bb menu_icon_color=\u00bb#000000&#8243; logo_max_height_last_edited=\u00bboff|desktop\u00bb _builder_version=\u00bb4.4.1&#8243; menu_font=\u00bb||||||||\u00bb menu_text_color=\u00bb#444444&#8243; background_enable_color=\u00bboff\u00bb module_alignment=\u00bbcenter\u00bb custom_padding=\u00bb18px|0px|0px|||\u00bb custom_padding_tablet=\u00bb\u00bb custom_padding_phone=\u00bb0px||||false|false\u00bb custom_padding_last_edited=\u00bbon|phone\u00bb][\/et_pb_menu][\/et_pb_column][\/et_pb_row][\/et_pb_section]<\/p>\n","protected":false},"excerpt":{"rendered":"<p>[et_pb_section fb_built=\u00bb1&#8243; disabled_on=\u00bbon|on|off\u00bb _builder_version=\u00bb4.4.1&#8243; background_enable_image=\u00bboff\u00bb background_size=\u00bbcontain\u00bb width_tablet=\u00bb\u00bb width_phone=\u00bb1000px\u00bb width_last_edited=\u00bbon|phone\u00bb module_alignment=\u00bbcenter\u00bb custom_margin_tablet=\u00bb\u00bb custom_margin_phone=\u00bb\u00bb custom_margin_last_edited=\u00bbon|phone\u00bb][et_pb_row make_equal=\u00bbon\u00bb _builder_version=\u00bb4.4.1&#8243; background_enable_image=\u00bboff\u00bb background_size=\u00bbinitial\u00bb][et_pb_column type=\u00bb4_4&#8243; _builder_version=\u00bb4.4.1&#8243;][et_pb_image src=\u00bbhttps:\/\/silvayasociados.com.co\/es\/wp-content\/uploads\/2025\/07\/Banner-silva_web.webp\u00bb align=\u00bbcenter\u00bb _builder_version=\u00bb4.4.1&#8243; custom_margin=\u00bb||||false|false\u00bb][\/et_pb_image][\/et_pb_column][\/et_pb_row][et_pb_row column_structure=\u00bb1_2,1_2&#8243; make_equal=\u00bbon\u00bb _builder_version=\u00bb4.4.1&#8243; background_enable_image=\u00bboff\u00bb background_size=\u00bbinitial\u00bb][et_pb_column type=\u00bb1_2&#8243; _builder_version=\u00bb4.4.1&#8243;][et_pb_text _builder_version=\u00bb4.4.1&#8243; text_font=\u00bbComfortaa||||||||\u00bb text_orientation=\u00bbjustified\u00bb module_alignment=\u00bbcenter\u00bb custom_margin=\u00bb0px|0px|0px|0px|false|false\u00bb] Silva &amp; Asociados desde 2013 [\/et_pb_text][et_pb_text _builder_version=\u00bb4.4.1&#8243; text_orientation=\u00bbjustified\u00bb module_alignment=\u00bbcenter\u00bb custom_margin=\u00bb50px||||false|false\u00bb] Con m\u00e1s de 10 a\u00f1os de experiencia, en Silva &amp; [&hellip;]<\/p>\n","protected":false},"author":2,"featured_media":0,"parent":0,"menu_order":0,"comment_status":"closed","ping_status":"closed","template":"","meta":{"_et_pb_use_builder":"on","_et_pb_old_content":"","_et_gb_content_width":"","_joinchat":[]},"_links":{"self":[{"href":"https:\/\/silvayasociados.com.co\/es\/wp-json\/wp\/v2\/pages\/107"}],"collection":[{"href":"https:\/\/silvayasociados.com.co\/es\/wp-json\/wp\/v2\/pages"}],"about":[{"href":"https:\/\/silvayasociados.com.co\/es\/wp-json\/wp\/v2\/types\/page"}],"author":[{"embeddable":true,"href":"https:\/\/silvayasociados.com.co\/es\/wp-json\/wp\/v2\/users\/2"}],"replies":[{"embeddable":true,"href":"https:\/\/silvayasociados.com.co\/es\/wp-json\/wp\/v2\/comments?post=107"}],"version-history":[{"count":62,"href":"https:\/\/silvayasociados.com.co\/es\/wp-json\/wp\/v2\/pages\/107\/revisions"}],"predecessor-version":[{"id":685,"href":"https:\/\/silvayasociados.com.co\/es\/wp-json\/wp\/v2\/pages\/107\/revisions\/685"}],"wp:attachment":[{"href":"https:\/\/silvayasociados.com.co\/es\/wp-json\/wp\/v2\/media?parent=107"}],"curies":[{"name":"wp","href":"https:\/\/api.w.org\/{rel}","templated":true}]}}