{"id":103,"date":"2020-07-18T22:30:00","date_gmt":"2020-07-18T22:30:00","guid":{"rendered":"http:\/\/silvayasociados.com.co\/es\/?page_id=103"},"modified":"2025-07-15T13:52:25","modified_gmt":"2025-07-15T13:52:25","slug":"litigio","status":"publish","type":"page","link":"https:\/\/silvayasociados.com.co\/es\/litigio\/","title":{"rendered":"Litigio"},"content":{"rendered":"<p>[et_pb_section fb_built=\u00bb1&#8243; disabled_on=\u00bbon|on|off\u00bb _builder_version=\u00bb4.4.1&#8243; background_image=\u00bbhttp:\/\/silvayasociados.com.co\/es\/wp-content\/uploads\/2020\/07\/Litigio_fondo.png\u00bb background_size=\u00bbcontain\u00bb width=\u00bb1400px\u00bb width_tablet=\u00bb\u00bb width_phone=\u00bb1000px\u00bb width_last_edited=\u00bbon|phone\u00bb max_width=\u00bb1000px\u00bb module_alignment=\u00bbcenter\u00bb min_height=\u00bb601px\u00bb max_height=\u00bb900px\u00bb custom_margin_tablet=\u00bb\u00bb custom_margin_phone=\u00bb\u00bb custom_margin_last_edited=\u00bbon|phone\u00bb][et_pb_row _builder_version=\u00bb4.4.1&#8243; background_enable_image=\u00bboff\u00bb background_size=\u00bbinitial\u00bb][et_pb_column type=\u00bb4_4&#8243; _builder_version=\u00bb4.4.1&#8243;][et_pb_text _builder_version=\u00bb4.4.1&#8243; text_font=\u00bbComfortaa||||||||\u00bb text_orientation=\u00bbjustified\u00bb width=\u00bb500px\u00bb module_alignment=\u00bbcenter\u00bb custom_margin=\u00bb100px|0px|0px|0px|false|false\u00bb]<\/p>\n<h2 style=\"text-align: center;\"><span style=\"color: #666699;\">LITIGIO<br \/>Y MASC<\/span><\/h2>\n<p>[\/et_pb_text][et_pb_text _builder_version=\u00bb4.4.1&#8243; text_orientation=\u00bbjustified\u00bb width=\u00bb500px\u00bb module_alignment=\u00bbcenter\u00bb custom_margin=\u00bb17px|450px||450px|false|false\u00bb]<\/p>\n<p style=\"text-align: justify;\"><span style=\"font-family: 'Century Gothic',sans-serif;\">La resoluci\u00f3n de controversias requiere m\u00e1s que una s\u00f3lida estrategia legal: exige compromiso, visi\u00f3n t\u00e1ctica y un aliado que comparta su objetivo de lograr los mejores resultados. En <strong>Silva &amp; Asociados<\/strong> trabajamos con esa convicci\u00f3n.<o:p><\/o:p><\/span><\/p>\n<p>[\/et_pb_text][\/et_pb_column][\/et_pb_row][\/et_pb_section][et_pb_section fb_built=\u00bb1&#8243; disabled_on=\u00bbon|on|off\u00bb _builder_version=\u00bb4.4.1&#8243; custom_padding=\u00bb37px|||||\u00bb][et_pb_row column_structure=\u00bb1_2,1_2&#8243; _builder_version=\u00bb4.4.1&#8243;][et_pb_column type=\u00bb1_2&#8243; _builder_version=\u00bb4.4.1&#8243;][et_pb_text _builder_version=\u00bb4.4.1&#8243; text_orientation=\u00bbjustified\u00bb]<\/p>\n<p style=\"text-align: justify;\"><span style=\"font-family: 'Century Gothic',sans-serif;\">Nuestro enfoque se basa en la <strong>prevenci\u00f3n y la estrategia<\/strong> como ejes fundamentales para proteger los intereses de nuestros clientes. Contamos con un equipo con amplia formaci\u00f3n y experiencia en la resoluci\u00f3n de conflictos, lo que nos permite ofrecer acompa\u00f1amiento integral en el uso de <strong>Mecanismos Alternativos de Soluci\u00f3n de Conflictos (MASC)<\/strong> y actuar como representantes ante Centros de Arbitraje y Conciliaci\u00f3n.<o:p><\/o:p><\/span><\/p>\n<p>[\/et_pb_text][\/et_pb_column][et_pb_column type=\u00bb1_2&#8243; _builder_version=\u00bb4.4.1&#8243;][et_pb_text _builder_version=\u00bb4.4.1&#8243; text_orientation=\u00bbjustified\u00bb]<\/p>\n<p style=\"text-align: justify;\"><span style=\"font-family: 'Century Gothic',sans-serif;\">Cuando el litigio es inevitable, realizamos un an\u00e1lisis t\u00e9cnico y neutral del caso para construir la estrategia m\u00e1s eficaz. Nuestro equipo multidisciplinario est\u00e1 preparado para representar sus intereses ante la <strong>Jurisdicci\u00f3n Ordinaria<\/strong>, la <strong>Jurisdicci\u00f3n de lo Contencioso Administrativo<\/strong>, la <strong>Superintendencia Financiera de Colombia<\/strong> y la <strong>Superintendencia de Sociedades<\/strong><b>,<\/b> cuidando cada detalle del proceso y enfocados en alcanzar resultados concretos y satisfactorios.<o:p><\/o:p><\/span><\/p>\n<p>[\/et_pb_text][\/et_pb_column][\/et_pb_row][et_pb_row column_structure=\u00bb1_5,3_5,1_5&#8243; _builder_version=\u00bb4.4.1&#8243;][et_pb_column type=\u00bb1_5&#8243; _builder_version=\u00bb4.4.1&#8243;][\/et_pb_column][et_pb_column type=\u00bb3_5&#8243; _builder_version=\u00bb4.4.1&#8243;][et_pb_image src=\u00bbhttp:\/\/silvayasociados.com.co\/es\/wp-content\/uploads\/2020\/08\/Litigio_servicios-1.png\u00bb admin_label=\u00bbImagen\u00bb _builder_version=\u00bb4.4.1&#8243;][\/et_pb_image][\/et_pb_column][et_pb_column type=\u00bb1_5&#8243; _builder_version=\u00bb4.4.1&#8243;][\/et_pb_column][\/et_pb_row][\/et_pb_section][et_pb_section fb_built=\u00bb1&#8243; disabled_on=\u00bboff|off|on\u00bb _builder_version=\u00bb4.4.1&#8243; background_enable_image=\u00bboff\u00bb background_size=\u00bbcontain\u00bb width_tablet=\u00bb\u00bb width_phone=\u00bb\u00bb width_last_edited=\u00bbon|phone\u00bb custom_margin_tablet=\u00bb\u00bb custom_margin_phone=\u00bb\u00bb custom_margin_last_edited=\u00bbon|phone\u00bb][et_pb_row _builder_version=\u00bb4.4.1&#8243; background_enable_image=\u00bboff\u00bb background_size=\u00bbinitial\u00bb][et_pb_column type=\u00bb4_4&#8243; _builder_version=\u00bb4.4.1&#8243;][et_pb_image src=\u00bbhttp:\/\/silvayasociados.com.co\/es\/wp-content\/uploads\/2020\/07\/Litigio_fondo.png\u00bb align=\u00bbcenter\u00bb admin_label=\u00bbImagen\u00bb _builder_version=\u00bb4.4.1&#8243; width=\u00bb80%\u00bb][\/et_pb_image][et_pb_text _builder_version=\u00bb4.4.1&#8243; text_font=\u00bbComfortaa||||||||\u00bb text_orientation=\u00bbjustified\u00bb custom_margin=\u00bb||||false|false\u00bb]<\/p>\n<h2 style=\"text-align: center;\"><span style=\"color: #666699;\">LITIGIOS<br \/> Y MASC<\/span><\/h2>\n<p>[\/et_pb_text][et_pb_text _builder_version=\u00bb4.4.1&#8243; text_orientation=\u00bbjustified\u00bb custom_margin=\u00bb||||false|false\u00bb]<\/p>\n<p style=\"text-align: justify;\"><span style=\"font-family: 'Century Gothic',sans-serif;\">La resoluci\u00f3n de controversias requiere m\u00e1s que una s\u00f3lida estrategia legal: exige compromiso, visi\u00f3n t\u00e1ctica y un aliado que comparta su objetivo de lograr los mejores resultados. En <strong>Silva &amp; Asociados<\/strong> trabajamos con esa convicci\u00f3n.<o:p><\/o:p><\/span><\/p>\n<p style=\"text-align: justify;\"><span style=\"font-family: 'Century Gothic',sans-serif;\">Nuestro enfoque se basa en la <strong>prevenci\u00f3n y la estrategia<\/strong> como ejes fundamentales para proteger los intereses de nuestros clientes. Contamos con un equipo con amplia formaci\u00f3n y experiencia en la resoluci\u00f3n de conflictos, lo que nos permite ofrecer acompa\u00f1amiento integral en el uso de <strong>Mecanismos Alternativos de Soluci\u00f3n de Conflictos (MASC)<\/strong> y actuar como representantes ante Centros de Arbitraje y Conciliaci\u00f3n.<o:p><\/o:p><\/span><\/p>\n<p style=\"text-align: justify;\"><span style=\"font-family: 'Century Gothic',sans-serif;\">Cuando el litigio es inevitable, realizamos un an\u00e1lisis t\u00e9cnico y neutral del caso para construir la estrategia m\u00e1s eficaz. Nuestro equipo multidisciplinario est\u00e1 preparado para representar sus intereses ante la <strong>Jurisdicci\u00f3n Ordinaria<\/strong>, la <strong>Jurisdicci\u00f3n de lo Contencioso Administrativo<\/strong>, la <strong>Superintendencia Financiera de Colombia<\/strong> y la <strong>Superintendencia de Sociedades<\/strong><b>,<\/b> cuidando cada detalle del proceso y enfocados en alcanzar resultados concretos y satisfactorios.<o:p><\/o:p><\/span><\/p>\n<p>[\/et_pb_text][et_pb_image src=\u00bbhttp:\/\/silvayasociados.com.co\/es\/wp-content\/uploads\/2020\/08\/Litigio_servicios-1.png\u00bb admin_label=\u00bbImagen\u00bb _builder_version=\u00bb4.4.1&#8243;][\/et_pb_image][\/et_pb_column][\/et_pb_row][\/et_pb_section][et_pb_section fb_built=\u00bb1&#8243; _builder_version=\u00bb4.4.1&#8243; background_color=\u00bb#999999&#8243; module_alignment=\u00bbcenter\u00bb custom_padding=\u00bb0px||0px||false|false\u00bb hover_enabled=\u00bb0&#8243; locked=\u00bboff\u00bb][et_pb_row column_structure=\u00bb1_4,3_4&#8243; _builder_version=\u00bb4.4.1&#8243; width=\u00bb100%\u00bb module_alignment=\u00bbcenter\u00bb custom_margin=\u00bb||||false|false\u00bb custom_padding=\u00bb||||false|false\u00bb][et_pb_column type=\u00bb1_4&#8243; _builder_version=\u00bb4.4.1&#8243;][et_pb_image src=\u00bbhttp:\/\/silvayasociados.com.co\/es\/wp-content\/uploads\/2020\/07\/logo-SyA-Blanco-1.png\u00bb align=\u00bbright\u00bb disabled_on=\u00bbon|on|off\u00bb _builder_version=\u00bb4.4.1&#8243; width=\u00bb50%\u00bb][\/et_pb_image][et_pb_image src=\u00bbhttp:\/\/silvayasociados.com.co\/es\/wp-content\/uploads\/2020\/07\/logo-SyA-Blanco-1.png\u00bb align=\u00bbright\u00bb disabled_on=\u00bboff|off|on\u00bb _builder_version=\u00bb4.4.1&#8243; width=\u00bb25%\u00bb locked=\u00bboff\u00bb][\/et_pb_image][\/et_pb_column][et_pb_column type=\u00bb3_4&#8243; _builder_version=\u00bb4.4.1&#8243;][et_pb_menu menu_style=\u00bbcentered\u00bb submenu_direction=\u00bbdownwards\u00bb active_link_color=\u00bb#000000&#8243; logo_max_width=\u00bb15%\u00bb menu_icon_color=\u00bb#000000&#8243; logo_max_height_last_edited=\u00bboff|desktop\u00bb _builder_version=\u00bb4.4.1&#8243; menu_font=\u00bb||||||||\u00bb menu_text_color=\u00bb#444444&#8243; background_enable_color=\u00bboff\u00bb module_alignment=\u00bbcenter\u00bb custom_padding=\u00bb18px|0px|0px|||\u00bb custom_padding_tablet=\u00bb\u00bb custom_padding_phone=\u00bb0px||||false|false\u00bb custom_padding_last_edited=\u00bbon|phone\u00bb][\/et_pb_menu][\/et_pb_column][\/et_pb_row][\/et_pb_section]<\/p>\n","protected":false},"excerpt":{"rendered":"<p>[et_pb_section fb_built=\u00bb1&#8243; disabled_on=\u00bbon|on|off\u00bb _builder_version=\u00bb4.4.1&#8243; background_image=\u00bbhttp:\/\/silvayasociados.com.co\/es\/wp-content\/uploads\/2020\/07\/Litigio_fondo.png\u00bb background_size=\u00bbcontain\u00bb width=\u00bb1400px\u00bb width_tablet=\u00bb\u00bb width_phone=\u00bb1000px\u00bb width_last_edited=\u00bbon|phone\u00bb max_width=\u00bb1000px\u00bb module_alignment=\u00bbcenter\u00bb min_height=\u00bb601px\u00bb max_height=\u00bb900px\u00bb custom_margin_tablet=\u00bb\u00bb custom_margin_phone=\u00bb\u00bb custom_margin_last_edited=\u00bbon|phone\u00bb][et_pb_row _builder_version=\u00bb4.4.1&#8243; background_enable_image=\u00bboff\u00bb background_size=\u00bbinitial\u00bb][et_pb_column type=\u00bb4_4&#8243; _builder_version=\u00bb4.4.1&#8243;][et_pb_text _builder_version=\u00bb4.4.1&#8243; text_font=\u00bbComfortaa||||||||\u00bb text_orientation=\u00bbjustified\u00bb width=\u00bb500px\u00bb module_alignment=\u00bbcenter\u00bb custom_margin=\u00bb100px|0px|0px|0px|false|false\u00bb] LITIGIOY MASC [\/et_pb_text][et_pb_text _builder_version=\u00bb4.4.1&#8243; text_orientation=\u00bbjustified\u00bb width=\u00bb500px\u00bb module_alignment=\u00bbcenter\u00bb custom_margin=\u00bb17px|450px||450px|false|false\u00bb] La resoluci\u00f3n de controversias requiere m\u00e1s que una s\u00f3lida estrategia legal: exige compromiso, visi\u00f3n t\u00e1ctica y un aliado que [&hellip;]<\/p>\n","protected":false},"author":2,"featured_media":0,"parent":0,"menu_order":0,"comment_status":"closed","ping_status":"closed","template":"","meta":{"_et_pb_use_builder":"on","_et_pb_old_content":"","_et_gb_content_width":"","_joinchat":[]},"_links":{"self":[{"href":"https:\/\/silvayasociados.com.co\/es\/wp-json\/wp\/v2\/pages\/103"}],"collection":[{"href":"https:\/\/silvayasociados.com.co\/es\/wp-json\/wp\/v2\/pages"}],"about":[{"href":"https:\/\/silvayasociados.com.co\/es\/wp-json\/wp\/v2\/types\/page"}],"author":[{"embeddable":true,"href":"https:\/\/silvayasociados.com.co\/es\/wp-json\/wp\/v2\/users\/2"}],"replies":[{"embeddable":true,"href":"https:\/\/silvayasociados.com.co\/es\/wp-json\/wp\/v2\/comments?post=103"}],"version-history":[{"count":19,"href":"https:\/\/silvayasociados.com.co\/es\/wp-json\/wp\/v2\/pages\/103\/revisions"}],"predecessor-version":[{"id":624,"href":"https:\/\/silvayasociados.com.co\/es\/wp-json\/wp\/v2\/pages\/103\/revisions\/624"}],"wp:attachment":[{"href":"https:\/\/silvayasociados.com.co\/es\/wp-json\/wp\/v2\/media?parent=103"}],"curies":[{"name":"wp","href":"https:\/\/api.w.org\/{rel}","templated":true}]}}