{"id":100,"date":"2020-07-18T22:29:09","date_gmt":"2020-07-18T22:29:09","guid":{"rendered":"http:\/\/silvayasociados.com.co\/es\/?page_id=100"},"modified":"2025-07-15T13:51:51","modified_gmt":"2025-07-15T13:51:51","slug":"financiero","status":"publish","type":"page","link":"https:\/\/silvayasociados.com.co\/es\/financiero\/","title":{"rendered":"Financiero"},"content":{"rendered":"<p>[et_pb_section fb_built=\u00bb1&#8243; disabled_on=\u00bbon|on|off\u00bb _builder_version=\u00bb4.4.1&#8243; background_image=\u00bbhttp:\/\/silvayasociados.com.co\/es\/wp-content\/uploads\/2020\/07\/Defensoria_fondo.png\u00bb background_size=\u00bbcontain\u00bb width=\u00bb1400px\u00bb width_tablet=\u00bb\u00bb width_phone=\u00bb1000px\u00bb width_last_edited=\u00bbon|phone\u00bb max_width=\u00bb1000px\u00bb module_alignment=\u00bbcenter\u00bb min_height=\u00bb601px\u00bb max_height=\u00bb900px\u00bb custom_margin_tablet=\u00bb\u00bb custom_margin_phone=\u00bb\u00bb custom_margin_last_edited=\u00bbon|phone\u00bb][et_pb_row _builder_version=\u00bb4.4.1&#8243; background_enable_image=\u00bboff\u00bb background_size=\u00bbinitial\u00bb][et_pb_column type=\u00bb4_4&#8243; _builder_version=\u00bb4.4.1&#8243;][et_pb_text _builder_version=\u00bb4.4.1&#8243; text_font=\u00bbComfortaa||||||||\u00bb text_orientation=\u00bbjustified\u00bb width=\u00bb500px\u00bb module_alignment=\u00bbcenter\u00bb custom_margin=\u00bb100px|0px|0px|0px|false|false\u00bb]<\/p>\n<h2 style=\"text-align: center;\"><span style=\"color: #666699;\">DEFENSOR\u00cdA DEL\u00a0<\/span><br \/><span style=\"color: #666699;\"> CONSUMIDOR FINANCIERO<\/span><\/h2>\n<p>[\/et_pb_text][et_pb_text _builder_version=\u00bb4.4.1&#8243; text_orientation=\u00bbjustified\u00bb width=\u00bb500px\u00bb module_alignment=\u00bbcenter\u00bb custom_margin=\u00bb50px|450px||450px|false|false\u00bb]<\/p>\n<p style=\"text-align: justify;\"><span style=\"font-family: 'Century Gothic',sans-serif;\">Si su entidad est\u00e1 vigilada por la Superintendencia Financiera de Colombia, la normativa vigente le exige contar con un Defensor del Consumidor Financiero id\u00f3neo, con la trayectoria y el compromiso que caracterizan a nuestra firma de abogados.<o:p><\/o:p><\/span><\/p>\n<p>[\/et_pb_text][\/et_pb_column][\/et_pb_row][\/et_pb_section][et_pb_section fb_built=\u00bb1&#8243; disabled_on=\u00bbon|on|off\u00bb _builder_version=\u00bb4.4.1&#8243; custom_padding=\u00bb1px|||||\u00bb][et_pb_row column_structure=\u00bb1_2,1_2&#8243; _builder_version=\u00bb4.4.1&#8243;][et_pb_column type=\u00bb1_2&#8243; _builder_version=\u00bb4.4.1&#8243;][et_pb_text _builder_version=\u00bb4.4.1&#8243; text_orientation=\u00bbjustified\u00bb]<\/p>\n<p style=\"text-align: justify;\"><span style=\"font-family: 'Century Gothic',sans-serif;\">Con m\u00e1s de 15 a\u00f1os de experiencia en esta funci\u00f3n, en <strong>Silva &amp; Asociados<\/strong> hemos sido aliados estrat\u00e9gicos de reconocidas entidades del sector financiero a nivel nacional, consolidando un enfoque integral, proactivo y orientado a la soluci\u00f3n efectiva de conflictos.<o:p><\/o:p><\/span><\/p>\n<p>[\/et_pb_text][\/et_pb_column][et_pb_column type=\u00bb1_2&#8243; _builder_version=\u00bb4.4.1&#8243;][et_pb_text _builder_version=\u00bb4.4.1&#8243; text_orientation=\u00bbjustified\u00bb]<\/p>\n<p style=\"text-align: justify;\"><span style=\"font-family: 'Century Gothic',sans-serif;\">Representamos los intereses de los consumidores financieros, atendiendo y resolviendo sus quejas con oportunidad, imparcialidad y eficiencia. Facilitamos la conciliaci\u00f3n entre usuarios y entidades vigiladas, promoviendo soluciones que fortalezcan la confianza en el sistema financiero.<o:p><\/o:p><\/span><\/p>\n<p>[\/et_pb_text][\/et_pb_column][\/et_pb_row][et_pb_row column_structure=\u00bb1_5,3_5,1_5&#8243; _builder_version=\u00bb4.4.1&#8243;][et_pb_column type=\u00bb1_5&#8243; _builder_version=\u00bb4.4.1&#8243;][\/et_pb_column][et_pb_column type=\u00bb3_5&#8243; _builder_version=\u00bb4.4.1&#8243;][et_pb_image src=\u00bbhttp:\/\/silvayasociados.com.co\/es\/wp-content\/uploads\/2020\/07\/Defensoria_servicios-1.png\u00bb admin_label=\u00bbImagen\u00bb _builder_version=\u00bb4.4.1&#8243;][\/et_pb_image][\/et_pb_column][et_pb_column type=\u00bb1_5&#8243; _builder_version=\u00bb4.4.1&#8243;][\/et_pb_column][\/et_pb_row][\/et_pb_section][et_pb_section fb_built=\u00bb1&#8243; disabled_on=\u00bboff|off|on\u00bb _builder_version=\u00bb4.4.1&#8243; background_enable_image=\u00bboff\u00bb background_size=\u00bbcontain\u00bb width_phone=\u00bb1000px\u00bb width_last_edited=\u00bboff|desktop\u00bb custom_margin_tablet=\u00bb\u00bb custom_margin_phone=\u00bb\u00bb custom_margin_last_edited=\u00bbon|phone\u00bb][et_pb_row _builder_version=\u00bb4.4.1&#8243; background_enable_image=\u00bboff\u00bb background_size=\u00bbinitial\u00bb][et_pb_column type=\u00bb4_4&#8243; _builder_version=\u00bb4.4.1&#8243;][et_pb_image src=\u00bbhttp:\/\/silvayasociados.com.co\/es\/wp-content\/uploads\/2020\/07\/Defensoria_fondo.png\u00bb align=\u00bbcenter\u00bb _builder_version=\u00bb4.4.1&#8243; width=\u00bb80%\u00bb][\/et_pb_image][et_pb_text _builder_version=\u00bb4.4.1&#8243; text_font=\u00bbComfortaa||||||||\u00bb text_orientation=\u00bbjustified\u00bb custom_margin=\u00bb||||false|false\u00bb]<\/p>\n<h2 style=\"text-align: center;\"><span style=\"color: #666699;\">DEFENSOR\u00cdA DEL\u00a0<\/span><br \/><span style=\"color: #666699;\"> CONSUMIDOR FINANCIERO<\/span><\/h2>\n<p>[\/et_pb_text][et_pb_text _builder_version=\u00bb4.4.1&#8243; text_orientation=\u00bbjustified\u00bb custom_margin=\u00bb||||false|false\u00bb]<\/p>\n<p style=\"text-align: justify;\"><span style=\"font-family: 'Century Gothic',sans-serif;\">Si su entidad est\u00e1 vigilada por la Superintendencia Financiera de Colombia, la normativa vigente le exige contar con un Defensor del Consumidor Financiero id\u00f3neo, con la trayectoria y el compromiso que caracterizan a nuestra firma de abogados.<o:p><\/o:p><\/span><\/p>\n<p style=\"text-align: justify;\"><span style=\"font-family: 'Century Gothic',sans-serif;\">Con m\u00e1s de 15 a\u00f1os de experiencia en esta funci\u00f3n, en <strong>Silva &amp; Asociados<\/strong> hemos sido aliados estrat\u00e9gicos de reconocidas entidades del sector financiero a nivel nacional, consolidando un enfoque integral, proactivo y orientado a la soluci\u00f3n efectiva de conflictos.<o:p><\/o:p><\/span><\/p>\n<p style=\"text-align: justify;\"><span style=\"font-family: 'Century Gothic',sans-serif;\">Representamos los intereses de los consumidores financieros, atendiendo y resolviendo sus quejas con oportunidad, imparcialidad y eficiencia. Facilitamos la conciliaci\u00f3n entre usuarios y entidades vigiladas, promoviendo soluciones que fortalezcan la confianza en el sistema financiero.<o:p><\/o:p><\/span><\/p>\n<p>[\/et_pb_text][et_pb_image src=\u00bbhttp:\/\/silvayasociados.com.co\/es\/wp-content\/uploads\/2020\/07\/Defensoria_servicios-1.png\u00bb admin_label=\u00bbImagen\u00bb _builder_version=\u00bb4.4.1&#8243;][\/et_pb_image][\/et_pb_column][\/et_pb_row][\/et_pb_section][et_pb_section fb_built=\u00bb1&#8243; _builder_version=\u00bb4.4.1&#8243; background_color=\u00bb#999999&#8243; module_alignment=\u00bbcenter\u00bb custom_padding=\u00bb0px||0px||false|false\u00bb hover_enabled=\u00bb0&#8243; locked=\u00bboff\u00bb][et_pb_row column_structure=\u00bb1_4,3_4&#8243; _builder_version=\u00bb4.4.1&#8243; width=\u00bb100%\u00bb module_alignment=\u00bbcenter\u00bb custom_margin=\u00bb||||false|false\u00bb custom_padding=\u00bb||||false|false\u00bb][et_pb_column type=\u00bb1_4&#8243; _builder_version=\u00bb4.4.1&#8243;][et_pb_image src=\u00bbhttp:\/\/silvayasociados.com.co\/es\/wp-content\/uploads\/2020\/07\/logo-SyA-Blanco-1.png\u00bb align=\u00bbright\u00bb disabled_on=\u00bbon|on|off\u00bb _builder_version=\u00bb4.4.1&#8243; width=\u00bb50%\u00bb][\/et_pb_image][et_pb_image src=\u00bbhttp:\/\/silvayasociados.com.co\/es\/wp-content\/uploads\/2020\/07\/logo-SyA-Blanco-1.png\u00bb align=\u00bbright\u00bb disabled_on=\u00bboff|off|on\u00bb _builder_version=\u00bb4.4.1&#8243; width=\u00bb25%\u00bb locked=\u00bboff\u00bb][\/et_pb_image][\/et_pb_column][et_pb_column type=\u00bb3_4&#8243; _builder_version=\u00bb4.4.1&#8243;][et_pb_menu menu_style=\u00bbcentered\u00bb submenu_direction=\u00bbdownwards\u00bb active_link_color=\u00bb#000000&#8243; logo_max_width=\u00bb15%\u00bb menu_icon_color=\u00bb#000000&#8243; logo_max_height_last_edited=\u00bboff|desktop\u00bb _builder_version=\u00bb4.4.1&#8243; menu_font=\u00bb||||||||\u00bb menu_text_color=\u00bb#444444&#8243; background_enable_color=\u00bboff\u00bb module_alignment=\u00bbcenter\u00bb custom_padding=\u00bb18px|0px|0px|||\u00bb custom_padding_tablet=\u00bb\u00bb custom_padding_phone=\u00bb0px||||false|false\u00bb custom_padding_last_edited=\u00bbon|phone\u00bb][\/et_pb_menu][\/et_pb_column][\/et_pb_row][\/et_pb_section]<\/p>\n","protected":false},"excerpt":{"rendered":"<p>[et_pb_section fb_built=\u00bb1&#8243; disabled_on=\u00bbon|on|off\u00bb _builder_version=\u00bb4.4.1&#8243; background_image=\u00bbhttp:\/\/silvayasociados.com.co\/es\/wp-content\/uploads\/2020\/07\/Defensoria_fondo.png\u00bb background_size=\u00bbcontain\u00bb width=\u00bb1400px\u00bb width_tablet=\u00bb\u00bb width_phone=\u00bb1000px\u00bb width_last_edited=\u00bbon|phone\u00bb max_width=\u00bb1000px\u00bb module_alignment=\u00bbcenter\u00bb min_height=\u00bb601px\u00bb max_height=\u00bb900px\u00bb custom_margin_tablet=\u00bb\u00bb custom_margin_phone=\u00bb\u00bb custom_margin_last_edited=\u00bbon|phone\u00bb][et_pb_row _builder_version=\u00bb4.4.1&#8243; background_enable_image=\u00bboff\u00bb background_size=\u00bbinitial\u00bb][et_pb_column type=\u00bb4_4&#8243; _builder_version=\u00bb4.4.1&#8243;][et_pb_text _builder_version=\u00bb4.4.1&#8243; text_font=\u00bbComfortaa||||||||\u00bb text_orientation=\u00bbjustified\u00bb width=\u00bb500px\u00bb module_alignment=\u00bbcenter\u00bb custom_margin=\u00bb100px|0px|0px|0px|false|false\u00bb] DEFENSOR\u00cdA DEL\u00a0 CONSUMIDOR FINANCIERO [\/et_pb_text][et_pb_text _builder_version=\u00bb4.4.1&#8243; text_orientation=\u00bbjustified\u00bb width=\u00bb500px\u00bb module_alignment=\u00bbcenter\u00bb custom_margin=\u00bb50px|450px||450px|false|false\u00bb] Si su entidad est\u00e1 vigilada por la Superintendencia Financiera de Colombia, la normativa vigente le exige contar [&hellip;]<\/p>\n","protected":false},"author":2,"featured_media":0,"parent":0,"menu_order":0,"comment_status":"closed","ping_status":"closed","template":"","meta":{"_et_pb_use_builder":"on","_et_pb_old_content":"","_et_gb_content_width":"","_joinchat":[]},"_links":{"self":[{"href":"https:\/\/silvayasociados.com.co\/es\/wp-json\/wp\/v2\/pages\/100"}],"collection":[{"href":"https:\/\/silvayasociados.com.co\/es\/wp-json\/wp\/v2\/pages"}],"about":[{"href":"https:\/\/silvayasociados.com.co\/es\/wp-json\/wp\/v2\/types\/page"}],"author":[{"embeddable":true,"href":"https:\/\/silvayasociados.com.co\/es\/wp-json\/wp\/v2\/users\/2"}],"replies":[{"embeddable":true,"href":"https:\/\/silvayasociados.com.co\/es\/wp-json\/wp\/v2\/comments?post=100"}],"version-history":[{"count":23,"href":"https:\/\/silvayasociados.com.co\/es\/wp-json\/wp\/v2\/pages\/100\/revisions"}],"predecessor-version":[{"id":623,"href":"https:\/\/silvayasociados.com.co\/es\/wp-json\/wp\/v2\/pages\/100\/revisions\/623"}],"wp:attachment":[{"href":"https:\/\/silvayasociados.com.co\/es\/wp-json\/wp\/v2\/media?parent=100"}],"curies":[{"name":"wp","href":"https:\/\/api.w.org\/{rel}","templated":true}]}}